{"id":1028,"date":"2023-04-24T16:59:33","date_gmt":"2023-04-24T16:59:33","guid":{"rendered":"https:\/\/kiwi-kulturinitiative.de\/index.html\/?page_id=1028"},"modified":"2023-04-24T20:38:46","modified_gmt":"2023-04-24T20:38:46","slug":"25-jahre-kiwi-gruendung","status":"publish","type":"page","link":"https:\/\/kiwi-kulturinitiative.de\/index.html\/25-jahre-kiwi-gruendung\/","title":{"rendered":"25-Jahre-KiWi &#8211; die Gr\u00fcndung"},"content":{"rendered":"\n<p class=\"has-text-color has-larger-font-size wp-block-paragraph\" style=\"color:#4f0c7b\"><strong>25-Jahre-KiWi &#8211; die Gr\u00fcndung<\/strong><\/p>\n\n\n\n<p class=\"has-text-align-left has-text-color has-regular-font-size wp-block-paragraph\" style=\"color:#4f0c7b\">Wir z\u00e4hlen das Jahr 1997 &#8211; schon l\u00e4nger hatten sich einige Klein-Winternheimer dar\u00fcber Gedanken gemacht, wie man das kulturelle Angebot im Ort intensivieren k\u00f6nnte. Die Idee war, mit der Gr\u00fcndung eines \u201eVereines zur F\u00f6rderung der Kultur\u201c B\u00fcrgerinnen und B\u00fcrger zu erreichen, welche bereit w\u00e4ren, durch ein ehrenamtliches Engagement Kultur auch im Ort erlebbar zu machen. Am 14. Januar 1998 war es schlie\u00dflich soweit und eine kleine Gruppe von \u201eKulturenthusiasten\u201c traf sich in der Klein-Winternheimer Pizzeria \u201eBella Vista\u201c, um die bis dahin ausgearbeitete Satzung der \u201eKulturinitiative Klein-Winternheim e. V.\u201c einstimmig zu verabschieden. Dieser formelle Akt war die Voraussetzung f\u00fcr die Wahl eines Vorstandes, im Rahmen einer konstituierenden Mitgliederversammlung, die am 28.Januar 1998 stattfand.<br>Gew\u00e4hlt wurden: 1. Vorsitzender &#8211; Olav Muhl, 2. Vorsitzende &#8211; Simone Walter, Kassenf\u00fchrerin &#8211; Vera Beyer und Rafael Lopez &#8211; Beisitzer. <br>Mit einem nunmehr handlungsf\u00e4higen Vorstand konnte am 6. M\u00e4rz 1998 auch der Eintrag des neuen Vereins in das Vereinsregister beim Amtsgericht Mainz beantragt werden, der schlie\u00dflich am 4. Juni 1998 erfolgte.<br>Die Kulturinitiative Klein-Winternheim e. V. hatte das Licht der Welt erblickt.<br>Neben den gew\u00e4hlten Vorst\u00e4nden geh\u00f6rten dem Gr\u00fcnderkreis noch folgende Kulturliebhaber an: <br>Klaus Becker, Ewald Beyer, Alfons Gabel (\u2020), Dr. Michael K\u00fcbert, Siegfried Leucht (\u2020), Fred Still und Roland Ulrich.<br>Ein erstes Kulturprogramm f\u00fcr das Jahr 1998 lie\u00df auch nicht lange auf sich warten und schon begannen die Vorbereitungen f\u00fcr eine Fotoausstellung mit Fotos von Siegfried Leucht und einen Jazzfr\u00fchschoppen im Haus Ritzinger mit der K\u00f6lner Gruppe \u201eWalk oft the Elephants\u201c. Der \u201eVitaminsto\u00df f\u00fcr die Kulturszene\u201c in Klein- Winternheim war gesetzt und hat nun bereits \u00fcber 25 Jahre best\u00e4ndig Nachschub erhalten. KiWi hat ein vielf\u00e4ltiges und abwechslungsreiches Programm gestaltet und damit ein bis dahin in der Gemeinde nicht bekanntes Angebot unterbreitet.<br>Die tollen Veranstaltungen, insbesondere auch die Konzerte der \u201eSoul Providers\u201c im Weingut V. Eckert haben KiWi schnell bekannt gemacht und die Anzahl der Vereinsmitglieder ist rasant angestiegen. KiWi hat sich damit in die bereits bestehende Vereinsstruktur des Ortes eingereiht, sein Angebot aber niemals im \u201eWettbewerb\u201c zu anderen Vereinen verstanden sondern stets als Erg\u00e4nzung zu schon bestehenden Formaten.<br>Von Beginn an war klar, da\u00df sich Kiwi f\u00fcr seine Events stets passende Locations suchen musste, da der Ort nicht \u00fcber eine Art \u201eKulturscheune\u201c verf\u00fcgte, die nat\u00fcrlich perfekt f\u00fcr unser Projekt gewesen w\u00e4re. So sind mit der Zeit vielf\u00e4ltige Spielorte entstanden, wie z. B. der Biohof Schreiber f\u00fcr Filmabende oder der ehemalige KFZ &#8211; Betrieb Kilicaslan f\u00fcr das Format \u201eJazz in der Garage\u201c mit ca. 20 Konzerten.<br>Das Haus Ritzinger ist bis heute ein bew\u00e4hrter Ort f\u00fcr Konzerte im Hof oder f\u00fcr die Kunst- und Fotoausstellung. Mit dem Rathaussaal und dem Lebendigen Museum sind mit der Zeit weitere Spielst\u00e4tten hinzugekommen.<br>25 Jahre ist Kiwi jetzt als Kulturverein in der Gemeinde aktiv und hat in dieser Zeit den Kulturbetrieb reicher gemacht und damit das Leben im Ort ein St\u00fcckchen attraktiver. Es geht weiter:<br>Freuen sie sich auf die n\u00e4chsten Jahre mit KiWi \u2013 die Kulturmacher im Ort.<br><\/p>\n","protected":false},"excerpt":{"rendered":"<p>25-Jahre-KiWi &#8211; die Gr\u00fcndung Wir z\u00e4hlen das Jahr 1997 &#8211; schon l\u00e4nger hatten sich einige Klein-Winternheimer dar\u00fcber Gedanken gemacht, wie man das kulturelle Angebot im Ort intensivieren k\u00f6nnte. Die Idee [&hellip;]<\/p>\n","protected":false},"author":1,"featured_media":0,"parent":0,"menu_order":0,"comment_status":"closed","ping_status":"closed","template":"","meta":{"_crdt_document":"","footnotes":""},"class_list":["post-1028","page","type-page","status-publish","hentry","wpbf-post"],"_links":{"self":[{"href":"https:\/\/kiwi-kulturinitiative.de\/index.html\/wp-json\/wp\/v2\/pages\/1028","targetHints":{"allow":["GET"]}}],"collection":[{"href":"https:\/\/kiwi-kulturinitiative.de\/index.html\/wp-json\/wp\/v2\/pages"}],"about":[{"href":"https:\/\/kiwi-kulturinitiative.de\/index.html\/wp-json\/wp\/v2\/types\/page"}],"author":[{"embeddable":true,"href":"https:\/\/kiwi-kulturinitiative.de\/index.html\/wp-json\/wp\/v2\/users\/1"}],"replies":[{"embeddable":true,"href":"https:\/\/kiwi-kulturinitiative.de\/index.html\/wp-json\/wp\/v2\/comments?post=1028"}],"version-history":[{"count":2,"href":"https:\/\/kiwi-kulturinitiative.de\/index.html\/wp-json\/wp\/v2\/pages\/1028\/revisions"}],"predecessor-version":[{"id":1033,"href":"https:\/\/kiwi-kulturinitiative.de\/index.html\/wp-json\/wp\/v2\/pages\/1028\/revisions\/1033"}],"wp:attachment":[{"href":"https:\/\/kiwi-kulturinitiative.de\/index.html\/wp-json\/wp\/v2\/media?parent=1028"}],"curies":[{"name":"wp","href":"https:\/\/api.w.org\/{rel}","templated":true}]}}