{"id":1001,"date":"2023-03-19T18:41:41","date_gmt":"2023-03-19T18:41:41","guid":{"rendered":"https:\/\/kiwi-kulturinitiative.de\/index.html\/?page_id=1001"},"modified":"2026-02-03T13:08:09","modified_gmt":"2026-02-03T13:08:09","slug":"vera-beyer","status":"publish","type":"page","link":"https:\/\/kiwi-kulturinitiative.de\/index.html\/vera-beyer\/","title":{"rendered":"Vera Beyer"},"content":{"rendered":"\n<p class=\"has-text-color has-larger-font-size wp-block-paragraph\" style=\"color:#4f0c7b\"><strong>Vera Beyer<\/strong><\/p>\n\n\n\n<figure class=\"wp-block-image size-full is-resized\"><img loading=\"lazy\" decoding=\"async\" width=\"1506\" height=\"2142\" src=\"https:\/\/kiwi-kulturinitiative.de\/wp-content\/uploads\/2026\/02\/Jakobsmuschel-Vera-Beyer-1.jpg\" alt=\"\" class=\"wp-image-2778\" style=\"width:436px;height:559px\" srcset=\"https:\/\/kiwi-kulturinitiative.de\/wp-content\/uploads\/2026\/02\/Jakobsmuschel-Vera-Beyer-1.jpg 1506w, https:\/\/kiwi-kulturinitiative.de\/wp-content\/uploads\/2026\/02\/Jakobsmuschel-Vera-Beyer-1-211x300.jpg 211w, https:\/\/kiwi-kulturinitiative.de\/wp-content\/uploads\/2026\/02\/Jakobsmuschel-Vera-Beyer-1-720x1024.jpg 720w, https:\/\/kiwi-kulturinitiative.de\/wp-content\/uploads\/2026\/02\/Jakobsmuschel-Vera-Beyer-1-768x1092.jpg 768w, https:\/\/kiwi-kulturinitiative.de\/wp-content\/uploads\/2026\/02\/Jakobsmuschel-Vera-Beyer-1-1080x1536.jpg 1080w, https:\/\/kiwi-kulturinitiative.de\/wp-content\/uploads\/2026\/02\/Jakobsmuschel-Vera-Beyer-1-1440x2048.jpg 1440w\" sizes=\"auto, (max-width: 1506px) 100vw, 1506px\" \/><\/figure>\n\n\n\n<p class=\"wp-block-paragraph\"><strong><strong>\u201eJakobsmuschel\u201c<\/strong><\/strong>  \/ Aquarell<br><br>Vera Beyer<br>*1956 in Mainz, lebt seit 1989 in Klein-Winternheim, Biologin i.R.<br>&#8211; Aquarellmalerei seit 1997 in Kursen bei Inge L\u00fcthje, Nieder-Olm<br>&#8211; seit 2019 regelm\u00e4\u00dfige Teilnahme an Kursen von Michael Gerdes, Obermoschel <br>&#8211; regelm\u00e4\u00dfige Teilnahme an Ausstellungen von KIWI-Kulturinitiative-Klein-Winternheim<\/p>\n\n\n\n<p class=\"has-regular-font-size wp-block-paragraph\"><strong><em><u>UPCYCLING<\/u><\/em><\/strong>: seit 2022 werden Ausschnitte von alten Bildern zu Gru\u00dfkarten f\u00fcr viele Gelegenheiten<br><br>Kontakt: Vera Beyer, Hauptstr. 28, 55270 Klein-Winternheim<\/p>\n\n\n\n<p class=\"has-regular-font-size wp-block-paragraph\">v.beyer@web.de<\/p>\n\n\n\n<figure class=\"wp-block-image size-full is-resized\"><img loading=\"lazy\" decoding=\"async\" width=\"1446\" height=\"2080\" src=\"https:\/\/kiwi-kulturinitiative.de\/wp-content\/uploads\/2026\/02\/Leuchtturm-Vera-Beyer-1.jpg\" alt=\"\" class=\"wp-image-2779\" style=\"aspect-ratio:0.7075038284839203;width:444px;height:auto\" srcset=\"https:\/\/kiwi-kulturinitiative.de\/wp-content\/uploads\/2026\/02\/Leuchtturm-Vera-Beyer-1.jpg 1446w, https:\/\/kiwi-kulturinitiative.de\/wp-content\/uploads\/2026\/02\/Leuchtturm-Vera-Beyer-1-209x300.jpg 209w, https:\/\/kiwi-kulturinitiative.de\/wp-content\/uploads\/2026\/02\/Leuchtturm-Vera-Beyer-1-712x1024.jpg 712w, https:\/\/kiwi-kulturinitiative.de\/wp-content\/uploads\/2026\/02\/Leuchtturm-Vera-Beyer-1-768x1105.jpg 768w, https:\/\/kiwi-kulturinitiative.de\/wp-content\/uploads\/2026\/02\/Leuchtturm-Vera-Beyer-1-1068x1536.jpg 1068w, https:\/\/kiwi-kulturinitiative.de\/wp-content\/uploads\/2026\/02\/Leuchtturm-Vera-Beyer-1-1424x2048.jpg 1424w\" sizes=\"auto, (max-width: 1446px) 100vw, 1446px\" \/><\/figure>\n\n\n\n<p class=\"wp-block-paragraph\">Leuchtturm \/ Aquarell 2024<\/p>\n\n\n\n<p class=\"wp-block-paragraph\"><\/p>\n","protected":false},"excerpt":{"rendered":"<p>Vera Beyer \u201eJakobsmuschel\u201c \/ Aquarell Vera Beyer*1956 in Mainz, lebt seit 1989 in Klein-Winternheim, Biologin i.R.&#8211; Aquarellmalerei seit 1997 in Kursen bei Inge L\u00fcthje, Nieder-Olm&#8211; seit 2019 regelm\u00e4\u00dfige Teilnahme an [&hellip;]<\/p>\n","protected":false},"author":1,"featured_media":0,"parent":0,"menu_order":0,"comment_status":"closed","ping_status":"closed","template":"","meta":{"_crdt_document":"","footnotes":""},"class_list":["post-1001","page","type-page","status-publish","hentry","wpbf-post"],"_links":{"self":[{"href":"https:\/\/kiwi-kulturinitiative.de\/index.html\/wp-json\/wp\/v2\/pages\/1001","targetHints":{"allow":["GET"]}}],"collection":[{"href":"https:\/\/kiwi-kulturinitiative.de\/index.html\/wp-json\/wp\/v2\/pages"}],"about":[{"href":"https:\/\/kiwi-kulturinitiative.de\/index.html\/wp-json\/wp\/v2\/types\/page"}],"author":[{"embeddable":true,"href":"https:\/\/kiwi-kulturinitiative.de\/index.html\/wp-json\/wp\/v2\/users\/1"}],"replies":[{"embeddable":true,"href":"https:\/\/kiwi-kulturinitiative.de\/index.html\/wp-json\/wp\/v2\/comments?post=1001"}],"version-history":[{"count":14,"href":"https:\/\/kiwi-kulturinitiative.de\/index.html\/wp-json\/wp\/v2\/pages\/1001\/revisions"}],"predecessor-version":[{"id":2781,"href":"https:\/\/kiwi-kulturinitiative.de\/index.html\/wp-json\/wp\/v2\/pages\/1001\/revisions\/2781"}],"wp:attachment":[{"href":"https:\/\/kiwi-kulturinitiative.de\/index.html\/wp-json\/wp\/v2\/media?parent=1001"}],"curies":[{"name":"wp","href":"https:\/\/api.w.org\/{rel}","templated":true}]}}